{"id":3988,"date":"2022-10-05T20:05:15","date_gmt":"2022-10-05T18:05:15","guid":{"rendered":"https:\/\/mesarskemasine.com\/contact\/"},"modified":"2022-12-12T20:32:51","modified_gmt":"2022-12-12T19:32:51","slug":"contact","status":"publish","type":"page","link":"https:\/\/mesarskemasine.com\/en\/contact\/","title":{"rendered":"CONTACT"},"content":{"rendered":"\t\t<div data-elementor-type=\"wp-page\" data-elementor-id=\"3988\" class=\"elementor elementor-3988 elementor-3709\" data-elementor-post-type=\"page\">\n\t\t\t\t\t\t<section class=\"elementor-section elementor-top-section elementor-element elementor-element-3910f5d8 elementor-section-boxed elementor-section-height-default elementor-section-height-default\" data-id=\"3910f5d8\" data-element_type=\"section\" data-e-type=\"section\">\n\t\t\t\t\t\t<div class=\"elementor-container elementor-column-gap-default\">\n\t\t\t\t\t<div class=\"elementor-column elementor-col-33 elementor-top-column elementor-element elementor-element-702cb635\" data-id=\"702cb635\" data-element_type=\"column\" data-e-type=\"column\">\n\t\t\t<div class=\"elementor-widget-wrap elementor-element-populated\">\n\t\t\t\t\t\t<div class=\"elementor-element elementor-element-66cf29dd elementor-widget elementor-widget-google_maps\" data-id=\"66cf29dd\" data-element_type=\"widget\" data-e-type=\"widget\" data-widget_type=\"google_maps.default\">\n\t\t\t\t<div class=\"elementor-widget-container\">\n\t\t\t\t\t\t\t<div class=\"elementor-custom-embed\">\n\t\t\t<iframe loading=\"lazy\"\n\t\t\t\t\tsrc=\"https:\/\/maps.google.com\/maps?q=ANACOM%2C%20Prote%20Mateje%20Nenadovica%2C%20%D0%9C%D0%B8%D1%88%D0%B0%D1%80&#038;t=m&#038;z=10&#038;output=embed&#038;iwloc=near\"\n\t\t\t\t\ttitle=\"ANACOM, Prote Mateje Nenadovica, \u041c\u0438\u0448\u0430\u0440\"\n\t\t\t\t\taria-label=\"ANACOM, Prote Mateje Nenadovica, \u041c\u0438\u0448\u0430\u0440\"\n\t\t\t><\/iframe>\n\t\t<\/div>\n\t\t\t\t\t\t<\/div>\n\t\t\t\t<\/div>\n\t\t\t\t\t<\/div>\n\t\t<\/div>\n\t\t\t\t<div class=\"elementor-column elementor-col-66 elementor-top-column elementor-element elementor-element-61c17b71\" data-id=\"61c17b71\" data-element_type=\"column\" data-e-type=\"column\">\n\t\t\t<div class=\"elementor-widget-wrap elementor-element-populated\">\n\t\t\t\t\t\t<section class=\"elementor-section elementor-inner-section elementor-element elementor-element-44ef4767 elementor-section-boxed elementor-section-height-default elementor-section-height-default\" data-id=\"44ef4767\" data-element_type=\"section\" data-e-type=\"section\">\n\t\t\t\t\t\t<div class=\"elementor-container elementor-column-gap-default\">\n\t\t\t\t\t<div class=\"elementor-column elementor-col-50 elementor-inner-column elementor-element elementor-element-182f25b0\" data-id=\"182f25b0\" data-element_type=\"column\" data-e-type=\"column\">\n\t\t\t<div class=\"elementor-widget-wrap elementor-element-populated\">\n\t\t\t\t\t\t<div class=\"elementor-element elementor-element-169f1741 elementor-widget elementor-widget-heading\" data-id=\"169f1741\" data-element_type=\"widget\" data-e-type=\"widget\" data-widget_type=\"heading.default\">\n\t\t\t\t<div class=\"elementor-widget-container\">\n\t\t\t\t\t<h3 class=\"elementor-heading-title elementor-size-default\">Showroom<\/h3>\t\t\t\t<\/div>\n\t\t\t\t<\/div>\n\t\t\t\t<div class=\"elementor-element elementor-element-40967cb elementor-widget elementor-widget-text-editor\" data-id=\"40967cb\" data-element_type=\"widget\" data-e-type=\"widget\" data-widget_type=\"text-editor.default\">\n\t\t\t\t<div class=\"elementor-widget-container\">\n\t\t\t\t\t\t\t\t\t<p><strong>Kara\u0111or\u0111eva 131, 15216 a 11, Misar, <\/strong><strong>Sabac, Serbia<\/strong><\/p>\t\t\t\t\t\t\t\t<\/div>\n\t\t\t\t<\/div>\n\t\t\t\t<div class=\"elementor-element elementor-element-641e159a elementor-widget elementor-widget-heading\" data-id=\"641e159a\" data-element_type=\"widget\" data-e-type=\"widget\" data-widget_type=\"heading.default\">\n\t\t\t\t<div class=\"elementor-widget-container\">\n\t\t\t\t\t<h3 class=\"elementor-heading-title elementor-size-default\">Email\n<\/h3>\t\t\t\t<\/div>\n\t\t\t\t<\/div>\n\t\t\t\t<div class=\"elementor-element elementor-element-7f26dce9 elementor-widget elementor-widget-text-editor\" data-id=\"7f26dce9\" data-element_type=\"widget\" data-e-type=\"widget\" data-widget_type=\"text-editor.default\">\n\t\t\t\t<div class=\"elementor-widget-container\">\n\t\t\t\t\t\t\t\t\t<p><span style=\"color: #ff0000;\"><strong><a style=\"color: #ff0000;\" href=\"mailto:office@anacom.rs\">office@anacom.rs<\/a><\/strong><\/span><br \/><strong><span style=\"color: #ff0000;\"><a style=\"color: #ff0000;\" href=\"mailto:anacomsabac@gmail.com\">anacomsabac@gmail.com<\/a><\/span><\/strong><\/p>\n\t\t\t\t\t\t\t\t<\/div>\n\t\t\t\t<\/div>\n\t\t\t\t\t<\/div>\n\t\t<\/div>\n\t\t\t\t<div class=\"elementor-column elementor-col-50 elementor-inner-column elementor-element elementor-element-18e715d8\" data-id=\"18e715d8\" data-element_type=\"column\" data-e-type=\"column\">\n\t\t\t<div class=\"elementor-widget-wrap elementor-element-populated\">\n\t\t\t\t\t\t<div class=\"elementor-element elementor-element-1a122d0 elementor-widget elementor-widget-heading\" data-id=\"1a122d0\" data-element_type=\"widget\" data-e-type=\"widget\" data-widget_type=\"heading.default\">\n\t\t\t\t<div class=\"elementor-widget-container\">\n\t\t\t\t\t<h3 class=\"elementor-heading-title elementor-size-default\">Address<\/h3>\t\t\t\t<\/div>\n\t\t\t\t<\/div>\n\t\t\t\t<div class=\"elementor-element elementor-element-587b5103 elementor-widget elementor-widget-text-editor\" data-id=\"587b5103\" data-element_type=\"widget\" data-e-type=\"widget\" data-widget_type=\"text-editor.default\">\n\t\t\t\t<div class=\"elementor-widget-container\">\n\t\t\t\t\t\t\t\t\t<p><strong>Prote Mateje Nenadovi\u0107a 11, Misar<\/strong><br \/><strong>15000 Sabac, Serbia<\/strong><\/p>\n\t\t\t\t\t\t\t\t<\/div>\n\t\t\t\t<\/div>\n\t\t\t\t<div class=\"elementor-element elementor-element-40ff2cfa elementor-widget elementor-widget-heading\" data-id=\"40ff2cfa\" data-element_type=\"widget\" data-e-type=\"widget\" data-widget_type=\"heading.default\">\n\t\t\t\t<div class=\"elementor-widget-container\">\n\t\t\t\t\t<h3 class=\"elementor-heading-title elementor-size-default\">Phones<\/h3>\t\t\t\t<\/div>\n\t\t\t\t<\/div>\n\t\t\t\t<div class=\"elementor-element elementor-element-325502ab elementor-widget elementor-widget-text-editor\" data-id=\"325502ab\" data-element_type=\"widget\" data-e-type=\"widget\" data-widget_type=\"text-editor.default\">\n\t\t\t\t<div class=\"elementor-widget-container\">\n\t\t\t\t\t\t\t\t\t<p><strong>Phone: <span style=\"color: #ff0000;\"><a style=\"color: #ff0000;\" href=\"tel:+38115381251\">+381 (0) 15 381 &#8211; 251<\/a><\/span><\/strong><br \/><strong>Mobile (serbian):<a href=\"tel:+381641377130\"><span style=\"color: #ff0000;\"> +381 (0) 64 13 &#8211; 77 &#8211; 130<\/span><\/a><\/strong><br \/><strong>Mobile (deutsch):<span style=\"color: #ff0000;\"><a style=\"color: #ff0000;\" href=\"tel:+49015120010351\">+49 (0) 151 200-10-351<\/a><\/span><\/strong><\/p>\n\t\t\t\t\t\t\t\t<\/div>\n\t\t\t\t<\/div>\n\t\t\t\t\t<\/div>\n\t\t<\/div>\n\t\t\t\t\t<\/div>\n\t\t<\/section>\n\t\t\t\t<section class=\"elementor-section elementor-inner-section elementor-element elementor-element-48d446c5 elementor-section-boxed elementor-section-height-default elementor-section-height-default\" data-id=\"48d446c5\" data-element_type=\"section\" data-e-type=\"section\">\n\t\t\t\t\t\t<div class=\"elementor-container elementor-column-gap-default\">\n\t\t\t\t\t<div class=\"elementor-column elementor-col-100 elementor-inner-column elementor-element elementor-element-7e4377a\" data-id=\"7e4377a\" data-element_type=\"column\" data-e-type=\"column\">\n\t\t\t<div class=\"elementor-widget-wrap elementor-element-populated\">\n\t\t\t\t\t\t<div class=\"elementor-element elementor-element-3b971088 elementor-widget elementor-widget-text-editor\" data-id=\"3b971088\" data-element_type=\"widget\" data-e-type=\"widget\" data-widget_type=\"text-editor.default\">\n\t\t\t\t<div class=\"elementor-widget-container\">\n\t\t\t\t\t\t\t\t\t<p>If we have not answered on all your questions with the content of the site, please feel free to contact us.<\/p>\n\t\t\t\t\t\t\t\t<\/div>\n\t\t\t\t<\/div>\n\t\t\t\t\t<\/div>\n\t\t<\/div>\n\t\t\t\t\t<\/div>\n\t\t<\/section>\n\t\t\t\t<section class=\"elementor-section elementor-inner-section elementor-element elementor-element-5c6d942b elementor-section-boxed elementor-section-height-default elementor-section-height-default\" data-id=\"5c6d942b\" data-element_type=\"section\" data-e-type=\"section\">\n\t\t\t\t\t\t<div class=\"elementor-container elementor-column-gap-default\">\n\t\t\t\t\t<div class=\"elementor-column elementor-col-100 elementor-inner-column elementor-element elementor-element-191ef37d\" data-id=\"191ef37d\" data-element_type=\"column\" data-e-type=\"column\">\n\t\t\t<div class=\"elementor-widget-wrap elementor-element-populated\">\n\t\t\t\t\t\t<div class=\"elementor-element elementor-element-3ea490f1 elementor-widget elementor-widget-heading\" data-id=\"3ea490f1\" data-element_type=\"widget\" data-e-type=\"widget\" data-widget_type=\"heading.default\">\n\t\t\t\t<div class=\"elementor-widget-container\">\n\t\t\t\t\t<h3 class=\"elementor-heading-title elementor-size-default\">Leave us a message<\/h3>\t\t\t\t<\/div>\n\t\t\t\t<\/div>\n\t\t\t\t<div class=\"elementor-element elementor-element-2a27a0c elementor-button-align-start elementor-widget elementor-widget-form\" data-id=\"2a27a0c\" data-element_type=\"widget\" data-e-type=\"widget\" data-settings=\"{&quot;step_next_label&quot;:&quot;Slede\\u0107i&quot;,&quot;step_previous_label&quot;:&quot;Prethodna&quot;,&quot;button_width&quot;:&quot;100&quot;,&quot;step_type&quot;:&quot;number_text&quot;,&quot;step_icon_shape&quot;:&quot;circle&quot;}\" data-widget_type=\"form.default\">\n\t\t\t\t<div class=\"elementor-widget-container\">\n\t\t\t\t\t\t\t<form class=\"elementor-form\" method=\"post\" name=\"New Form\" aria-label=\"New Form\">\n\t\t\t<input type=\"hidden\" name=\"post_id\" value=\"3988\"\/>\n\t\t\t<input type=\"hidden\" name=\"form_id\" value=\"2a27a0c\"\/>\n\t\t\t<input type=\"hidden\" name=\"referer_title\" value=\"CONTACT - Anacom - mesarske ma\u0161ine\" \/>\n\n\t\t\t\t\t\t\t<input type=\"hidden\" name=\"queried_id\" value=\"3988\"\/>\n\t\t\t\n\t\t\t<div class=\"elementor-form-fields-wrapper elementor-labels-above\">\n\t\t\t\t\t\t\t\t<div class=\"elementor-field-type-text elementor-field-group elementor-column elementor-field-group-name elementor-col-50 elementor-field-required elementor-mark-required\">\n\t\t\t\t\t\t\t\t\t\t\t\t<label for=\"form-field-name\" class=\"elementor-field-label\">\n\t\t\t\t\t\t\t\tYour name (required)\t\t\t\t\t\t\t<\/label>\n\t\t\t\t\t\t\t\t\t\t\t\t\t\t<input size=\"1\" type=\"text\" name=\"form_fields[name]\" id=\"form-field-name\" class=\"elementor-field elementor-size-sm  elementor-field-textual\" required=\"required\">\n\t\t\t\t\t\t\t\t\t\t\t<\/div>\n\t\t\t\t\t\t\t\t<div class=\"elementor-field-type-email elementor-field-group elementor-column elementor-field-group-email elementor-col-50 elementor-field-required elementor-mark-required\">\n\t\t\t\t\t\t\t\t\t\t\t\t<label for=\"form-field-email\" class=\"elementor-field-label\">\n\t\t\t\t\t\t\t\tEmail (required)\t\t\t\t\t\t\t<\/label>\n\t\t\t\t\t\t\t\t\t\t\t\t\t\t<input size=\"1\" type=\"email\" name=\"form_fields[email]\" id=\"form-field-email\" class=\"elementor-field elementor-size-sm  elementor-field-textual\" required=\"required\">\n\t\t\t\t\t\t\t\t\t\t\t<\/div>\n\t\t\t\t\t\t\t\t<div class=\"elementor-field-type-textarea elementor-field-group elementor-column elementor-field-group-message elementor-col-100\">\n\t\t\t\t\t\t\t\t\t\t\t\t<label for=\"form-field-message\" class=\"elementor-field-label\">\n\t\t\t\t\t\t\t\tMessage\t\t\t\t\t\t\t<\/label>\n\t\t\t\t\t\t<textarea class=\"elementor-field-textual elementor-field  elementor-size-sm\" name=\"form_fields[message]\" id=\"form-field-message\" rows=\"4\"><\/textarea>\t\t\t\t<\/div>\n\t\t\t\t\t\t\t\t<div class=\"elementor-field-type-recaptcha_v3 elementor-field-group elementor-column elementor-field-group-field_d06ee46 elementor-col-100 recaptcha_v3-bottomright\">\n\t\t\t\t\t<div class=\"elementor-field\" id=\"form-field-field_d06ee46\"><div class=\"elementor-g-recaptcha\" data-sitekey=\"6Lc17XQjAAAAALdNW0gAhibbuyc17dutH1BKv2ZY\" data-type=\"v3\" data-action=\"Form\" data-badge=\"bottomright\" data-size=\"invisible\"><\/div><\/div>\t\t\t\t<\/div>\n\t\t\t\t\t\t\t\t<div class=\"elementor-field-group elementor-column elementor-field-type-submit elementor-col-100 e-form__buttons\">\n\t\t\t\t\t<button class=\"elementor-button elementor-size-md\" type=\"submit\">\n\t\t\t\t\t\t<span class=\"elementor-button-content-wrapper\">\n\t\t\t\t\t\t\t\t\t\t\t\t\t\t\t\t\t\t\t\t\t\t<span class=\"elementor-button-text\">SEND<\/span>\n\t\t\t\t\t\t\t\t\t\t\t\t\t<\/span>\n\t\t\t\t\t<\/button>\n\t\t\t\t<\/div>\n\t\t\t<\/div>\n\t\t<\/form>\n\t\t\t\t\t\t<\/div>\n\t\t\t\t<\/div>\n\t\t\t\t\t<\/div>\n\t\t<\/div>\n\t\t\t\t\t<\/div>\n\t\t<\/section>\n\t\t\t\t\t<\/div>\n\t\t<\/div>\n\t\t\t\t\t<\/div>\n\t\t<\/section>\n\t\t\t\t<\/div>\n\t\t","protected":false},"excerpt":{"rendered":"<p>Showroom Kara\u0111or\u0111eva 131, 15216 a 11, Misar, Sabac, Serbia Email office@anacom.rsanacomsabac@gmail.com Address Prote Mateje Nenadovi\u0107a 11, Misar15000 Sabac, Serbia Phones Phone: +381 (0) 15 381 &#8211; 251Mobile (serbian): +381 (0) 64 13 &#8211; 77 &#8211; 130Mobile (deutsch):+49 (0) 151 200-10-351 If we have not answered on all your questions with the content of the site, [&hellip;]<\/p>\n","protected":false},"author":1,"featured_media":0,"parent":0,"menu_order":0,"comment_status":"closed","ping_status":"closed","template":"","meta":{"footnotes":""},"class_list":["post-3988","page","type-page","status-publish","hentry"],"yoast_head":"<!-- This site is optimized with the Yoast SEO plugin v27.5 - https:\/\/yoast.com\/product\/yoast-seo-wordpress\/ -->\n<title>CONTACT - Anacom - mesarske ma\u0161ine<\/title>\n<meta name=\"robots\" content=\"index, follow, max-snippet:-1, max-image-preview:large, max-video-preview:-1\" \/>\n<link rel=\"canonical\" href=\"https:\/\/mesarskemasine.com\/kontakt\/\" \/>\n<meta property=\"og:locale\" content=\"en_US\" \/>\n<meta property=\"og:type\" content=\"article\" \/>\n<meta property=\"og:title\" content=\"CONTACT - Anacom - mesarske ma\u0161ine\" \/>\n<meta property=\"og:description\" content=\"Showroom Kara\u0111or\u0111eva 131, 15216 a 11, Misar, Sabac, Serbia Email office@anacom.rsanacomsabac@gmail.com Address Prote Mateje Nenadovi\u0107a 11, Misar15000 Sabac, Serbia Phones Phone: +381 (0) 15 381 &#8211; 251Mobile (serbian): +381 (0) 64 13 &#8211; 77 &#8211; 130Mobile (deutsch):+49 (0) 151 200-10-351 If we have not answered on all your questions with the content of the site, [&hellip;]\" \/>\n<meta property=\"og:url\" content=\"https:\/\/mesarskemasine.com\/kontakt\/\" \/>\n<meta property=\"og:site_name\" content=\"Anacom - mesarske ma\u0161ine\" \/>\n<meta property=\"article:publisher\" content=\"https:\/\/www.facebook.com\/anacom.anacomsabac\" \/>\n<meta property=\"article:modified_time\" content=\"2022-12-12T19:32:51+00:00\" \/>\n<meta name=\"twitter:card\" content=\"summary_large_image\" \/>\n<meta name=\"twitter:label1\" content=\"Est. reading time\" \/>\n\t<meta name=\"twitter:data1\" content=\"1 minute\" \/>\n<script type=\"application\/ld+json\" class=\"yoast-schema-graph\">{\"@context\":\"https:\\\/\\\/schema.org\",\"@graph\":[{\"@type\":\"WebPage\",\"@id\":\"https:\\\/\\\/mesarskemasine.com\\\/kontakt\\\/\",\"url\":\"https:\\\/\\\/mesarskemasine.com\\\/kontakt\\\/\",\"name\":\"CONTACT - Anacom - mesarske ma\u0161ine\",\"isPartOf\":{\"@id\":\"https:\\\/\\\/mesarskemasine.com\\\/#website\"},\"datePublished\":\"2022-10-05T18:05:15+00:00\",\"dateModified\":\"2022-12-12T19:32:51+00:00\",\"breadcrumb\":{\"@id\":\"https:\\\/\\\/mesarskemasine.com\\\/kontakt\\\/#breadcrumb\"},\"inLanguage\":\"en-US\",\"potentialAction\":[{\"@type\":\"ReadAction\",\"target\":[\"https:\\\/\\\/mesarskemasine.com\\\/kontakt\\\/\"]}]},{\"@type\":\"BreadcrumbList\",\"@id\":\"https:\\\/\\\/mesarskemasine.com\\\/kontakt\\\/#breadcrumb\",\"itemListElement\":[{\"@type\":\"ListItem\",\"position\":1,\"name\":\"Po\u010detna\",\"item\":\"https:\\\/\\\/mesarskemasine.com\\\/en\\\/\"},{\"@type\":\"ListItem\",\"position\":2,\"name\":\"CONTACT\"}]},{\"@type\":\"WebSite\",\"@id\":\"https:\\\/\\\/mesarskemasine.com\\\/#website\",\"url\":\"https:\\\/\\\/mesarskemasine.com\\\/\",\"name\":\"Anacom Doo - prodaja mesarskih ma\u0161ina\",\"description\":\"Prodaja i servis polovnih mesarskih ma\u0161ina. Vi\u0161e od 20. godina iskustva.\",\"publisher\":{\"@id\":\"https:\\\/\\\/mesarskemasine.com\\\/#organization\"},\"alternateName\":\"Mesarske masine Anacom\",\"potentialAction\":[{\"@type\":\"SearchAction\",\"target\":{\"@type\":\"EntryPoint\",\"urlTemplate\":\"https:\\\/\\\/mesarskemasine.com\\\/?s={search_term_string}\"},\"query-input\":{\"@type\":\"PropertyValueSpecification\",\"valueRequired\":true,\"valueName\":\"search_term_string\"}}],\"inLanguage\":\"en-US\"},{\"@type\":\"Organization\",\"@id\":\"https:\\\/\\\/mesarskemasine.com\\\/#organization\",\"name\":\"Anacom Doo \u0160abac\",\"url\":\"https:\\\/\\\/mesarskemasine.com\\\/\",\"logo\":{\"@type\":\"ImageObject\",\"inLanguage\":\"en-US\",\"@id\":\"https:\\\/\\\/mesarskemasine.com\\\/#\\\/schema\\\/logo\\\/image\\\/\",\"url\":\"https:\\\/\\\/mesarskemasine.com\\\/wp-content\\\/uploads\\\/2022\\\/10\\\/mesarske-masine-anacom-logo.png\",\"contentUrl\":\"https:\\\/\\\/mesarskemasine.com\\\/wp-content\\\/uploads\\\/2022\\\/10\\\/mesarske-masine-anacom-logo.png\",\"width\":2619,\"height\":1160,\"caption\":\"Anacom Doo \u0160abac\"},\"image\":{\"@id\":\"https:\\\/\\\/mesarskemasine.com\\\/#\\\/schema\\\/logo\\\/image\\\/\"},\"sameAs\":[\"https:\\\/\\\/www.facebook.com\\\/anacom.anacomsabac\"]}]}<\/script>\n<!-- \/ Yoast SEO plugin. -->","yoast_head_json":{"title":"CONTACT - Anacom - mesarske ma\u0161ine","robots":{"index":"index","follow":"follow","max-snippet":"max-snippet:-1","max-image-preview":"max-image-preview:large","max-video-preview":"max-video-preview:-1"},"canonical":"https:\/\/mesarskemasine.com\/kontakt\/","og_locale":"en_US","og_type":"article","og_title":"CONTACT - Anacom - mesarske ma\u0161ine","og_description":"Showroom Kara\u0111or\u0111eva 131, 15216 a 11, Misar, Sabac, Serbia Email office@anacom.rsanacomsabac@gmail.com Address Prote Mateje Nenadovi\u0107a 11, Misar15000 Sabac, Serbia Phones Phone: +381 (0) 15 381 &#8211; 251Mobile (serbian): +381 (0) 64 13 &#8211; 77 &#8211; 130Mobile (deutsch):+49 (0) 151 200-10-351 If we have not answered on all your questions with the content of the site, [&hellip;]","og_url":"https:\/\/mesarskemasine.com\/kontakt\/","og_site_name":"Anacom - mesarske ma\u0161ine","article_publisher":"https:\/\/www.facebook.com\/anacom.anacomsabac","article_modified_time":"2022-12-12T19:32:51+00:00","twitter_card":"summary_large_image","twitter_misc":{"Est. reading time":"1 minute"},"schema":{"@context":"https:\/\/schema.org","@graph":[{"@type":"WebPage","@id":"https:\/\/mesarskemasine.com\/kontakt\/","url":"https:\/\/mesarskemasine.com\/kontakt\/","name":"CONTACT - Anacom - mesarske ma\u0161ine","isPartOf":{"@id":"https:\/\/mesarskemasine.com\/#website"},"datePublished":"2022-10-05T18:05:15+00:00","dateModified":"2022-12-12T19:32:51+00:00","breadcrumb":{"@id":"https:\/\/mesarskemasine.com\/kontakt\/#breadcrumb"},"inLanguage":"en-US","potentialAction":[{"@type":"ReadAction","target":["https:\/\/mesarskemasine.com\/kontakt\/"]}]},{"@type":"BreadcrumbList","@id":"https:\/\/mesarskemasine.com\/kontakt\/#breadcrumb","itemListElement":[{"@type":"ListItem","position":1,"name":"Po\u010detna","item":"https:\/\/mesarskemasine.com\/en\/"},{"@type":"ListItem","position":2,"name":"CONTACT"}]},{"@type":"WebSite","@id":"https:\/\/mesarskemasine.com\/#website","url":"https:\/\/mesarskemasine.com\/","name":"Anacom Doo - prodaja mesarskih ma\u0161ina","description":"Prodaja i servis polovnih mesarskih ma\u0161ina. Vi\u0161e od 20. godina iskustva.","publisher":{"@id":"https:\/\/mesarskemasine.com\/#organization"},"alternateName":"Mesarske masine Anacom","potentialAction":[{"@type":"SearchAction","target":{"@type":"EntryPoint","urlTemplate":"https:\/\/mesarskemasine.com\/?s={search_term_string}"},"query-input":{"@type":"PropertyValueSpecification","valueRequired":true,"valueName":"search_term_string"}}],"inLanguage":"en-US"},{"@type":"Organization","@id":"https:\/\/mesarskemasine.com\/#organization","name":"Anacom Doo \u0160abac","url":"https:\/\/mesarskemasine.com\/","logo":{"@type":"ImageObject","inLanguage":"en-US","@id":"https:\/\/mesarskemasine.com\/#\/schema\/logo\/image\/","url":"https:\/\/mesarskemasine.com\/wp-content\/uploads\/2022\/10\/mesarske-masine-anacom-logo.png","contentUrl":"https:\/\/mesarskemasine.com\/wp-content\/uploads\/2022\/10\/mesarske-masine-anacom-logo.png","width":2619,"height":1160,"caption":"Anacom Doo \u0160abac"},"image":{"@id":"https:\/\/mesarskemasine.com\/#\/schema\/logo\/image\/"},"sameAs":["https:\/\/www.facebook.com\/anacom.anacomsabac"]}]}},"_links":{"self":[{"href":"https:\/\/mesarskemasine.com\/en\/wp-json\/wp\/v2\/pages\/3988","targetHints":{"allow":["GET"]}}],"collection":[{"href":"https:\/\/mesarskemasine.com\/en\/wp-json\/wp\/v2\/pages"}],"about":[{"href":"https:\/\/mesarskemasine.com\/en\/wp-json\/wp\/v2\/types\/page"}],"author":[{"embeddable":true,"href":"https:\/\/mesarskemasine.com\/en\/wp-json\/wp\/v2\/users\/1"}],"replies":[{"embeddable":true,"href":"https:\/\/mesarskemasine.com\/en\/wp-json\/wp\/v2\/comments?post=3988"}],"version-history":[{"count":19,"href":"https:\/\/mesarskemasine.com\/en\/wp-json\/wp\/v2\/pages\/3988\/revisions"}],"predecessor-version":[{"id":4696,"href":"https:\/\/mesarskemasine.com\/en\/wp-json\/wp\/v2\/pages\/3988\/revisions\/4696"}],"wp:attachment":[{"href":"https:\/\/mesarskemasine.com\/en\/wp-json\/wp\/v2\/media?parent=3988"}],"curies":[{"name":"wp","href":"https:\/\/api.w.org\/{rel}","templated":true}]}}