{"id":4531,"date":"2022-10-05T19:58:07","date_gmt":"2022-10-05T17:58:07","guid":{"rendered":"https:\/\/mesarskemasine.com\/shop\/"},"modified":"2022-10-21T23:42:55","modified_gmt":"2022-10-21T21:42:55","slug":"shop","status":"publish","type":"page","link":"https:\/\/mesarskemasine.com\/en\/shop\/","title":{"rendered":"CATALOG"},"content":{"rendered":null,"protected":false},"excerpt":{"rendered":"","protected":false},"author":1,"featured_media":0,"parent":0,"menu_order":0,"comment_status":"closed","ping_status":"closed","template":"","meta":{"footnotes":""},"class_list":["post-4531","page","type-page","status-publish","hentry"],"yoast_head":"<!-- This site is optimized with the Yoast SEO plugin v27.5 - https:\/\/yoast.com\/product\/yoast-seo-wordpress\/ -->\n<title>CATALOG - Anacom - mesarske ma\u0161ine<\/title>\n<meta name=\"robots\" content=\"index, follow, max-snippet:-1, max-image-preview:large, max-video-preview:-1\" \/>\n<link rel=\"canonical\" href=\"https:\/\/mesarskemasine.com\/en\/shop\/\" \/>\n<meta property=\"og:locale\" content=\"en_US\" \/>\n<meta property=\"og:type\" content=\"article\" \/>\n<meta property=\"og:title\" content=\"CATALOG - Anacom - mesarske ma\u0161ine\" \/>\n<meta property=\"og:url\" content=\"https:\/\/mesarskemasine.com\/en\/shop\/\" \/>\n<meta property=\"og:site_name\" content=\"Anacom - mesarske ma\u0161ine\" \/>\n<meta property=\"article:publisher\" content=\"https:\/\/www.facebook.com\/anacom.anacomsabac\" \/>\n<meta property=\"article:modified_time\" content=\"2022-10-21T21:42:55+00:00\" \/>\n<meta name=\"twitter:card\" content=\"summary_large_image\" \/>\n<script type=\"application\/ld+json\" class=\"yoast-schema-graph\">{\"@context\":\"https:\\\/\\\/schema.org\",\"@graph\":[{\"@type\":\"WebPage\",\"@id\":\"https:\\\/\\\/mesarskemasine.com\\\/en\\\/shop\\\/\",\"url\":\"https:\\\/\\\/mesarskemasine.com\\\/en\\\/shop\\\/\",\"name\":\"CATALOG - Anacom - mesarske ma\u0161ine\",\"isPartOf\":{\"@id\":\"https:\\\/\\\/mesarskemasine.com\\\/#website\"},\"datePublished\":\"2022-10-05T17:58:07+00:00\",\"dateModified\":\"2022-10-21T21:42:55+00:00\",\"breadcrumb\":{\"@id\":\"https:\\\/\\\/mesarskemasine.com\\\/en\\\/shop\\\/#breadcrumb\"},\"inLanguage\":\"en-US\",\"potentialAction\":[{\"@type\":\"ReadAction\",\"target\":[\"https:\\\/\\\/mesarskemasine.com\\\/en\\\/shop\\\/\"]}]},{\"@type\":\"BreadcrumbList\",\"@id\":\"https:\\\/\\\/mesarskemasine.com\\\/en\\\/shop\\\/#breadcrumb\",\"itemListElement\":[{\"@type\":\"ListItem\",\"position\":1,\"name\":\"Po\u010detna\",\"item\":\"https:\\\/\\\/mesarskemasine.com\\\/en\\\/\"},{\"@type\":\"ListItem\",\"position\":2,\"name\":\"CATALOG\"}]},{\"@type\":\"WebSite\",\"@id\":\"https:\\\/\\\/mesarskemasine.com\\\/#website\",\"url\":\"https:\\\/\\\/mesarskemasine.com\\\/\",\"name\":\"Anacom Doo - prodaja mesarskih ma\u0161ina\",\"description\":\"Prodaja i servis polovnih mesarskih ma\u0161ina. Vi\u0161e od 20. godina iskustva.\",\"publisher\":{\"@id\":\"https:\\\/\\\/mesarskemasine.com\\\/#organization\"},\"alternateName\":\"Mesarske masine Anacom\",\"potentialAction\":[{\"@type\":\"SearchAction\",\"target\":{\"@type\":\"EntryPoint\",\"urlTemplate\":\"https:\\\/\\\/mesarskemasine.com\\\/?s={search_term_string}\"},\"query-input\":{\"@type\":\"PropertyValueSpecification\",\"valueRequired\":true,\"valueName\":\"search_term_string\"}}],\"inLanguage\":\"en-US\"},{\"@type\":\"Organization\",\"@id\":\"https:\\\/\\\/mesarskemasine.com\\\/#organization\",\"name\":\"Anacom Doo \u0160abac\",\"url\":\"https:\\\/\\\/mesarskemasine.com\\\/\",\"logo\":{\"@type\":\"ImageObject\",\"inLanguage\":\"en-US\",\"@id\":\"https:\\\/\\\/mesarskemasine.com\\\/#\\\/schema\\\/logo\\\/image\\\/\",\"url\":\"https:\\\/\\\/mesarskemasine.com\\\/wp-content\\\/uploads\\\/2022\\\/10\\\/mesarske-masine-anacom-logo.png\",\"contentUrl\":\"https:\\\/\\\/mesarskemasine.com\\\/wp-content\\\/uploads\\\/2022\\\/10\\\/mesarske-masine-anacom-logo.png\",\"width\":2619,\"height\":1160,\"caption\":\"Anacom Doo \u0160abac\"},\"image\":{\"@id\":\"https:\\\/\\\/mesarskemasine.com\\\/#\\\/schema\\\/logo\\\/image\\\/\"},\"sameAs\":[\"https:\\\/\\\/www.facebook.com\\\/anacom.anacomsabac\"]}]}<\/script>\n<!-- \/ Yoast SEO plugin. -->","yoast_head_json":{"title":"CATALOG - Anacom - mesarske ma\u0161ine","robots":{"index":"index","follow":"follow","max-snippet":"max-snippet:-1","max-image-preview":"max-image-preview:large","max-video-preview":"max-video-preview:-1"},"canonical":"https:\/\/mesarskemasine.com\/en\/shop\/","og_locale":"en_US","og_type":"article","og_title":"CATALOG - Anacom - mesarske ma\u0161ine","og_url":"https:\/\/mesarskemasine.com\/en\/shop\/","og_site_name":"Anacom - mesarske ma\u0161ine","article_publisher":"https:\/\/www.facebook.com\/anacom.anacomsabac","article_modified_time":"2022-10-21T21:42:55+00:00","twitter_card":"summary_large_image","schema":{"@context":"https:\/\/schema.org","@graph":[{"@type":"WebPage","@id":"https:\/\/mesarskemasine.com\/en\/shop\/","url":"https:\/\/mesarskemasine.com\/en\/shop\/","name":"CATALOG - Anacom - mesarske ma\u0161ine","isPartOf":{"@id":"https:\/\/mesarskemasine.com\/#website"},"datePublished":"2022-10-05T17:58:07+00:00","dateModified":"2022-10-21T21:42:55+00:00","breadcrumb":{"@id":"https:\/\/mesarskemasine.com\/en\/shop\/#breadcrumb"},"inLanguage":"en-US","potentialAction":[{"@type":"ReadAction","target":["https:\/\/mesarskemasine.com\/en\/shop\/"]}]},{"@type":"BreadcrumbList","@id":"https:\/\/mesarskemasine.com\/en\/shop\/#breadcrumb","itemListElement":[{"@type":"ListItem","position":1,"name":"Po\u010detna","item":"https:\/\/mesarskemasine.com\/en\/"},{"@type":"ListItem","position":2,"name":"CATALOG"}]},{"@type":"WebSite","@id":"https:\/\/mesarskemasine.com\/#website","url":"https:\/\/mesarskemasine.com\/","name":"Anacom Doo - prodaja mesarskih ma\u0161ina","description":"Prodaja i servis polovnih mesarskih ma\u0161ina. Vi\u0161e od 20. godina iskustva.","publisher":{"@id":"https:\/\/mesarskemasine.com\/#organization"},"alternateName":"Mesarske masine Anacom","potentialAction":[{"@type":"SearchAction","target":{"@type":"EntryPoint","urlTemplate":"https:\/\/mesarskemasine.com\/?s={search_term_string}"},"query-input":{"@type":"PropertyValueSpecification","valueRequired":true,"valueName":"search_term_string"}}],"inLanguage":"en-US"},{"@type":"Organization","@id":"https:\/\/mesarskemasine.com\/#organization","name":"Anacom Doo \u0160abac","url":"https:\/\/mesarskemasine.com\/","logo":{"@type":"ImageObject","inLanguage":"en-US","@id":"https:\/\/mesarskemasine.com\/#\/schema\/logo\/image\/","url":"https:\/\/mesarskemasine.com\/wp-content\/uploads\/2022\/10\/mesarske-masine-anacom-logo.png","contentUrl":"https:\/\/mesarskemasine.com\/wp-content\/uploads\/2022\/10\/mesarske-masine-anacom-logo.png","width":2619,"height":1160,"caption":"Anacom Doo \u0160abac"},"image":{"@id":"https:\/\/mesarskemasine.com\/#\/schema\/logo\/image\/"},"sameAs":["https:\/\/www.facebook.com\/anacom.anacomsabac"]}]}},"_links":{"self":[{"href":"https:\/\/mesarskemasine.com\/en\/wp-json\/wp\/v2\/pages\/4531","targetHints":{"allow":["GET"]}}],"collection":[{"href":"https:\/\/mesarskemasine.com\/en\/wp-json\/wp\/v2\/pages"}],"about":[{"href":"https:\/\/mesarskemasine.com\/en\/wp-json\/wp\/v2\/types\/page"}],"author":[{"embeddable":true,"href":"https:\/\/mesarskemasine.com\/en\/wp-json\/wp\/v2\/users\/1"}],"replies":[{"embeddable":true,"href":"https:\/\/mesarskemasine.com\/en\/wp-json\/wp\/v2\/comments?post=4531"}],"version-history":[{"count":2,"href":"https:\/\/mesarskemasine.com\/en\/wp-json\/wp\/v2\/pages\/4531\/revisions"}],"predecessor-version":[{"id":4537,"href":"https:\/\/mesarskemasine.com\/en\/wp-json\/wp\/v2\/pages\/4531\/revisions\/4537"}],"wp:attachment":[{"href":"https:\/\/mesarskemasine.com\/en\/wp-json\/wp\/v2\/media?parent=4531"}],"curies":[{"name":"wp","href":"https:\/\/api.w.org\/{rel}","templated":true}]}}