{"id":4189,"date":"2022-10-17T23:24:01","date_gmt":"2022-10-17T21:24:01","guid":{"rendered":"https:\/\/mesarskemasine.com\/?post_type=product&#038;p=4189"},"modified":"2022-10-17T23:24:01","modified_gmt":"2022-10-17T21:24:01","slug":"klipne-punilice-od-20-do-30-litara","status":"publish","type":"product","link":"https:\/\/mesarskemasine.com\/en\/\u043f\u0440\u043e\u0438\u0437\u0432\u043e\u0434\/klipne-punilice-od-20-do-30-litara\/","title":{"rendered":"Klipne punilice od 20 do 30 litara"},"content":{"rendered":null,"protected":false},"excerpt":{"rendered":"<p>Ovde ide kratak opis ma\u0161ine.<\/p>\n<p>Koja je snaga, koji je kapacitet, koje su dimenzije\u2026<\/p>\n<p>Kolika je servisna garancija.<\/p>\n<p>Ovde napi\u0161e\u0161 sve \u0161to kupac trba da zna\u2026.<\/p>\n","protected":false},"featured_media":4190,"template":"","meta":[],"product_brand":[],"product_cat":[203],"product_tag":[],"class_list":{"0":"post-4189","1":"product","2":"type-product","3":"status-publish","4":"has-post-thumbnail","6":"product_cat-klipne-punilice","8":"first","9":"instock","10":"shipping-taxable","11":"product-type-simple"},"yoast_head":"<!-- This site is optimized with the Yoast SEO plugin v27.4 - https:\/\/yoast.com\/product\/yoast-seo-wordpress\/ -->\n<title>Klipne punilice od 20 do 30 litara - Anacom - mesarske ma\u0161ine<\/title>\n<meta name=\"robots\" content=\"index, follow, max-snippet:-1, max-image-preview:large, max-video-preview:-1\" \/>\n<link rel=\"canonical\" href=\"https:\/\/mesarskemasine.com\/en\/\u043f\u0440\u043e\u0438\u0437\u0432\u043e\u0434\/klipne-punilice-od-20-do-30-litara\/\" \/>\n<meta property=\"og:locale\" content=\"en_US\" \/>\n<meta property=\"og:type\" content=\"article\" \/>\n<meta property=\"og:title\" content=\"Klipne punilice od 20 do 30 litara - Anacom - mesarske ma\u0161ine\" \/>\n<meta property=\"og:description\" content=\"Ovde ide kratak opis ma\u0161ine.  Koja je snaga, koji je kapacitet, koje su dimenzije\u2026  Kolika je servisna garancija.  Ovde napi\u0161e\u0161 sve \u0161to kupac trba da zna\u2026.\" \/>\n<meta property=\"og:url\" content=\"https:\/\/mesarskemasine.com\/en\/\u043f\u0440\u043e\u0438\u0437\u0432\u043e\u0434\/klipne-punilice-od-20-do-30-litara\/\" \/>\n<meta property=\"og:site_name\" content=\"Anacom - mesarske ma\u0161ine\" \/>\n<meta property=\"article:publisher\" content=\"https:\/\/www.facebook.com\/anacom.anacomsabac\" \/>\n<meta property=\"og:image\" content=\"https:\/\/mesarskemasine.com\/wp-content\/uploads\/2022\/10\/Klipna-punilica.jpg\" \/>\n\t<meta property=\"og:image:width\" content=\"1200\" \/>\n\t<meta property=\"og:image:height\" content=\"1600\" \/>\n\t<meta property=\"og:image:type\" content=\"image\/jpeg\" \/>\n<meta name=\"twitter:card\" content=\"summary_large_image\" \/>\n<script type=\"application\/ld+json\" class=\"yoast-schema-graph\">{\"@context\":\"https:\\\/\\\/schema.org\",\"@graph\":[{\"@type\":\"WebPage\",\"@id\":\"https:\\\/\\\/mesarskemasine.com\\\/en\\\/\u043f\u0440\u043e\u0438\u0437\u0432\u043e\u0434\\\/klipne-punilice-od-20-do-30-litara\\\/\",\"url\":\"https:\\\/\\\/mesarskemasine.com\\\/en\\\/\u043f\u0440\u043e\u0438\u0437\u0432\u043e\u0434\\\/klipne-punilice-od-20-do-30-litara\\\/\",\"name\":\"Klipne punilice od 20 do 30 litara - Anacom - mesarske ma\u0161ine\",\"isPartOf\":{\"@id\":\"https:\\\/\\\/mesarskemasine.com\\\/#website\"},\"primaryImageOfPage\":{\"@id\":\"https:\\\/\\\/mesarskemasine.com\\\/en\\\/\u043f\u0440\u043e\u0438\u0437\u0432\u043e\u0434\\\/klipne-punilice-od-20-do-30-litara\\\/#primaryimage\"},\"image\":{\"@id\":\"https:\\\/\\\/mesarskemasine.com\\\/en\\\/\u043f\u0440\u043e\u0438\u0437\u0432\u043e\u0434\\\/klipne-punilice-od-20-do-30-litara\\\/#primaryimage\"},\"thumbnailUrl\":\"https:\\\/\\\/mesarskemasine.com\\\/wp-content\\\/uploads\\\/2022\\\/10\\\/Klipna-punilica.jpg\",\"datePublished\":\"2022-10-17T21:24:01+00:00\",\"breadcrumb\":{\"@id\":\"https:\\\/\\\/mesarskemasine.com\\\/en\\\/\u043f\u0440\u043e\u0438\u0437\u0432\u043e\u0434\\\/klipne-punilice-od-20-do-30-litara\\\/#breadcrumb\"},\"inLanguage\":\"en-US\",\"potentialAction\":[{\"@type\":\"ReadAction\",\"target\":[\"https:\\\/\\\/mesarskemasine.com\\\/en\\\/\u043f\u0440\u043e\u0438\u0437\u0432\u043e\u0434\\\/klipne-punilice-od-20-do-30-litara\\\/\"]}]},{\"@type\":\"ImageObject\",\"inLanguage\":\"en-US\",\"@id\":\"https:\\\/\\\/mesarskemasine.com\\\/en\\\/\u043f\u0440\u043e\u0438\u0437\u0432\u043e\u0434\\\/klipne-punilice-od-20-do-30-litara\\\/#primaryimage\",\"url\":\"https:\\\/\\\/mesarskemasine.com\\\/wp-content\\\/uploads\\\/2022\\\/10\\\/Klipna-punilica.jpg\",\"contentUrl\":\"https:\\\/\\\/mesarskemasine.com\\\/wp-content\\\/uploads\\\/2022\\\/10\\\/Klipna-punilica.jpg\",\"width\":1200,\"height\":1600},{\"@type\":\"BreadcrumbList\",\"@id\":\"https:\\\/\\\/mesarskemasine.com\\\/en\\\/\u043f\u0440\u043e\u0438\u0437\u0432\u043e\u0434\\\/klipne-punilice-od-20-do-30-litara\\\/#breadcrumb\",\"itemListElement\":[{\"@type\":\"ListItem\",\"position\":1,\"name\":\"Po\u010detna\",\"item\":\"https:\\\/\\\/mesarskemasine.com\\\/en\\\/\"},{\"@type\":\"ListItem\",\"position\":2,\"name\":\"PRODAJA MESARSKIH MA\u0160INA\",\"item\":\"https:\\\/\\\/mesarskemasine.com\\\/prodaja-mesarskih-masina\\\/\"},{\"@type\":\"ListItem\",\"position\":3,\"name\":\"Klipne punilice od 20 do 30 litara\"}]},{\"@type\":\"WebSite\",\"@id\":\"https:\\\/\\\/mesarskemasine.com\\\/#website\",\"url\":\"https:\\\/\\\/mesarskemasine.com\\\/\",\"name\":\"Anacom Doo - prodaja mesarskih ma\u0161ina\",\"description\":\"Prodaja i servis polovnih mesarskih ma\u0161ina. Vi\u0161e od 20. godina iskustva.\",\"publisher\":{\"@id\":\"https:\\\/\\\/mesarskemasine.com\\\/#organization\"},\"alternateName\":\"Mesarske masine Anacom\",\"potentialAction\":[{\"@type\":\"SearchAction\",\"target\":{\"@type\":\"EntryPoint\",\"urlTemplate\":\"https:\\\/\\\/mesarskemasine.com\\\/?s={search_term_string}\"},\"query-input\":{\"@type\":\"PropertyValueSpecification\",\"valueRequired\":true,\"valueName\":\"search_term_string\"}}],\"inLanguage\":\"en-US\"},{\"@type\":\"Organization\",\"@id\":\"https:\\\/\\\/mesarskemasine.com\\\/#organization\",\"name\":\"Anacom Doo \u0160abac\",\"url\":\"https:\\\/\\\/mesarskemasine.com\\\/\",\"logo\":{\"@type\":\"ImageObject\",\"inLanguage\":\"en-US\",\"@id\":\"https:\\\/\\\/mesarskemasine.com\\\/#\\\/schema\\\/logo\\\/image\\\/\",\"url\":\"https:\\\/\\\/mesarskemasine.com\\\/wp-content\\\/uploads\\\/2022\\\/10\\\/mesarske-masine-anacom-logo.png\",\"contentUrl\":\"https:\\\/\\\/mesarskemasine.com\\\/wp-content\\\/uploads\\\/2022\\\/10\\\/mesarske-masine-anacom-logo.png\",\"width\":2619,\"height\":1160,\"caption\":\"Anacom Doo \u0160abac\"},\"image\":{\"@id\":\"https:\\\/\\\/mesarskemasine.com\\\/#\\\/schema\\\/logo\\\/image\\\/\"},\"sameAs\":[\"https:\\\/\\\/www.facebook.com\\\/anacom.anacomsabac\"]}]}<\/script>\n<!-- \/ Yoast SEO plugin. -->","yoast_head_json":{"title":"Klipne punilice od 20 do 30 litara - Anacom - mesarske ma\u0161ine","robots":{"index":"index","follow":"follow","max-snippet":"max-snippet:-1","max-image-preview":"max-image-preview:large","max-video-preview":"max-video-preview:-1"},"canonical":"https:\/\/mesarskemasine.com\/en\/\u043f\u0440\u043e\u0438\u0437\u0432\u043e\u0434\/klipne-punilice-od-20-do-30-litara\/","og_locale":"en_US","og_type":"article","og_title":"Klipne punilice od 20 do 30 litara - Anacom - mesarske ma\u0161ine","og_description":"Ovde ide kratak opis ma\u0161ine.  Koja je snaga, koji je kapacitet, koje su dimenzije\u2026  Kolika je servisna garancija.  Ovde napi\u0161e\u0161 sve \u0161to kupac trba da zna\u2026.","og_url":"https:\/\/mesarskemasine.com\/en\/\u043f\u0440\u043e\u0438\u0437\u0432\u043e\u0434\/klipne-punilice-od-20-do-30-litara\/","og_site_name":"Anacom - mesarske ma\u0161ine","article_publisher":"https:\/\/www.facebook.com\/anacom.anacomsabac","og_image":[{"width":1200,"height":1600,"url":"https:\/\/mesarskemasine.com\/wp-content\/uploads\/2022\/10\/Klipna-punilica.jpg","type":"image\/jpeg"}],"twitter_card":"summary_large_image","schema":{"@context":"https:\/\/schema.org","@graph":[{"@type":"WebPage","@id":"https:\/\/mesarskemasine.com\/en\/\u043f\u0440\u043e\u0438\u0437\u0432\u043e\u0434\/klipne-punilice-od-20-do-30-litara\/","url":"https:\/\/mesarskemasine.com\/en\/\u043f\u0440\u043e\u0438\u0437\u0432\u043e\u0434\/klipne-punilice-od-20-do-30-litara\/","name":"Klipne punilice od 20 do 30 litara - Anacom - mesarske ma\u0161ine","isPartOf":{"@id":"https:\/\/mesarskemasine.com\/#website"},"primaryImageOfPage":{"@id":"https:\/\/mesarskemasine.com\/en\/\u043f\u0440\u043e\u0438\u0437\u0432\u043e\u0434\/klipne-punilice-od-20-do-30-litara\/#primaryimage"},"image":{"@id":"https:\/\/mesarskemasine.com\/en\/\u043f\u0440\u043e\u0438\u0437\u0432\u043e\u0434\/klipne-punilice-od-20-do-30-litara\/#primaryimage"},"thumbnailUrl":"https:\/\/mesarskemasine.com\/wp-content\/uploads\/2022\/10\/Klipna-punilica.jpg","datePublished":"2022-10-17T21:24:01+00:00","breadcrumb":{"@id":"https:\/\/mesarskemasine.com\/en\/\u043f\u0440\u043e\u0438\u0437\u0432\u043e\u0434\/klipne-punilice-od-20-do-30-litara\/#breadcrumb"},"inLanguage":"en-US","potentialAction":[{"@type":"ReadAction","target":["https:\/\/mesarskemasine.com\/en\/\u043f\u0440\u043e\u0438\u0437\u0432\u043e\u0434\/klipne-punilice-od-20-do-30-litara\/"]}]},{"@type":"ImageObject","inLanguage":"en-US","@id":"https:\/\/mesarskemasine.com\/en\/\u043f\u0440\u043e\u0438\u0437\u0432\u043e\u0434\/klipne-punilice-od-20-do-30-litara\/#primaryimage","url":"https:\/\/mesarskemasine.com\/wp-content\/uploads\/2022\/10\/Klipna-punilica.jpg","contentUrl":"https:\/\/mesarskemasine.com\/wp-content\/uploads\/2022\/10\/Klipna-punilica.jpg","width":1200,"height":1600},{"@type":"BreadcrumbList","@id":"https:\/\/mesarskemasine.com\/en\/\u043f\u0440\u043e\u0438\u0437\u0432\u043e\u0434\/klipne-punilice-od-20-do-30-litara\/#breadcrumb","itemListElement":[{"@type":"ListItem","position":1,"name":"Po\u010detna","item":"https:\/\/mesarskemasine.com\/en\/"},{"@type":"ListItem","position":2,"name":"PRODAJA MESARSKIH MA\u0160INA","item":"https:\/\/mesarskemasine.com\/prodaja-mesarskih-masina\/"},{"@type":"ListItem","position":3,"name":"Klipne punilice od 20 do 30 litara"}]},{"@type":"WebSite","@id":"https:\/\/mesarskemasine.com\/#website","url":"https:\/\/mesarskemasine.com\/","name":"Anacom Doo - prodaja mesarskih ma\u0161ina","description":"Prodaja i servis polovnih mesarskih ma\u0161ina. Vi\u0161e od 20. godina iskustva.","publisher":{"@id":"https:\/\/mesarskemasine.com\/#organization"},"alternateName":"Mesarske masine Anacom","potentialAction":[{"@type":"SearchAction","target":{"@type":"EntryPoint","urlTemplate":"https:\/\/mesarskemasine.com\/?s={search_term_string}"},"query-input":{"@type":"PropertyValueSpecification","valueRequired":true,"valueName":"search_term_string"}}],"inLanguage":"en-US"},{"@type":"Organization","@id":"https:\/\/mesarskemasine.com\/#organization","name":"Anacom Doo \u0160abac","url":"https:\/\/mesarskemasine.com\/","logo":{"@type":"ImageObject","inLanguage":"en-US","@id":"https:\/\/mesarskemasine.com\/#\/schema\/logo\/image\/","url":"https:\/\/mesarskemasine.com\/wp-content\/uploads\/2022\/10\/mesarske-masine-anacom-logo.png","contentUrl":"https:\/\/mesarskemasine.com\/wp-content\/uploads\/2022\/10\/mesarske-masine-anacom-logo.png","width":2619,"height":1160,"caption":"Anacom Doo \u0160abac"},"image":{"@id":"https:\/\/mesarskemasine.com\/#\/schema\/logo\/image\/"},"sameAs":["https:\/\/www.facebook.com\/anacom.anacomsabac"]}]}},"_links":{"self":[{"href":"https:\/\/mesarskemasine.com\/en\/wp-json\/wp\/v2\/product\/4189","targetHints":{"allow":["GET"]}}],"collection":[{"href":"https:\/\/mesarskemasine.com\/en\/wp-json\/wp\/v2\/product"}],"about":[{"href":"https:\/\/mesarskemasine.com\/en\/wp-json\/wp\/v2\/types\/product"}],"wp:featuredmedia":[{"embeddable":true,"href":"https:\/\/mesarskemasine.com\/en\/wp-json\/wp\/v2\/media\/4190"}],"wp:attachment":[{"href":"https:\/\/mesarskemasine.com\/en\/wp-json\/wp\/v2\/media?parent=4189"}],"wp:term":[{"taxonomy":"product_brand","embeddable":true,"href":"https:\/\/mesarskemasine.com\/en\/wp-json\/wp\/v2\/product_brand?post=4189"},{"taxonomy":"product_cat","embeddable":true,"href":"https:\/\/mesarskemasine.com\/en\/wp-json\/wp\/v2\/product_cat?post=4189"},{"taxonomy":"product_tag","embeddable":true,"href":"https:\/\/mesarskemasine.com\/en\/wp-json\/wp\/v2\/product_tag?post=4189"}],"curies":[{"name":"wp","href":"https:\/\/api.w.org\/{rel}","templated":true}]}}