{"id":4684,"date":"2022-11-11T14:21:00","date_gmt":"2022-11-11T13:21:00","guid":{"rendered":"https:\/\/mesarskemasine.com\/?post_type=product&#038;p=4684"},"modified":"2022-11-11T14:21:00","modified_gmt":"2022-11-11T13:21:00","slug":"vakumirka","status":"publish","type":"product","link":"https:\/\/mesarskemasine.com\/en\/\u043f\u0440\u043e\u0438\u0437\u0432\u043e\u0434\/vakumirka\/","title":{"rendered":"Vakumirka"},"content":{"rendered":null,"protected":false},"excerpt":{"rendered":"<p>Vakumirka dvokomorna u odli\u010dnom stanju servisirana <\/p>\n","protected":false},"featured_media":4687,"template":"","meta":[],"product_brand":[],"product_cat":[199],"product_tag":[266,265,267],"class_list":{"0":"post-4684","1":"product","2":"type-product","3":"status-publish","4":"has-post-thumbnail","6":"product_cat-vakumirke","7":"product_tag-vakum-masina","8":"product_tag-vakumirka-dvokomorna","9":"product_tag-vakumirka-preklapaca","11":"first","12":"instock","13":"shipping-taxable","14":"product-type-simple"},"yoast_head":"<!-- This site is optimized with the Yoast SEO plugin v27.5 - https:\/\/yoast.com\/product\/yoast-seo-wordpress\/ -->\n<title>Vakumirka - Anacom - mesarske ma\u0161ine<\/title>\n<meta name=\"robots\" content=\"index, follow, max-snippet:-1, max-image-preview:large, max-video-preview:-1\" \/>\n<link rel=\"canonical\" href=\"https:\/\/mesarskemasine.com\/\u043f\u0440\u043e\u0438\u0437\u0432\u043e\u0434\/vakumirka\/\" \/>\n<meta property=\"og:locale\" content=\"en_US\" \/>\n<meta property=\"og:type\" content=\"article\" \/>\n<meta property=\"og:title\" content=\"Vakumirka - Anacom - mesarske ma\u0161ine\" \/>\n<meta property=\"og:description\" content=\"Vakumirka dvokomorna u odli\u010dnom stanju servisirana\" \/>\n<meta property=\"og:url\" content=\"https:\/\/mesarskemasine.com\/\u043f\u0440\u043e\u0438\u0437\u0432\u043e\u0434\/vakumirka\/\" \/>\n<meta property=\"og:site_name\" content=\"Anacom - mesarske ma\u0161ine\" \/>\n<meta property=\"article:publisher\" content=\"https:\/\/www.facebook.com\/anacom.anacomsabac\" \/>\n<meta property=\"og:image\" content=\"https:\/\/mesarskemasine.com\/wp-content\/uploads\/2022\/11\/C4030679-6895-47B5-9010-F511E524ADDE-scaled.jpeg\" \/>\n\t<meta property=\"og:image:width\" content=\"1920\" \/>\n\t<meta property=\"og:image:height\" content=\"2560\" \/>\n\t<meta property=\"og:image:type\" content=\"image\/jpeg\" \/>\n<meta name=\"twitter:card\" content=\"summary_large_image\" \/>\n<script type=\"application\/ld+json\" class=\"yoast-schema-graph\">{\"@context\":\"https:\\\/\\\/schema.org\",\"@graph\":[{\"@type\":\"WebPage\",\"@id\":\"https:\\\/\\\/mesarskemasine.com\\\/\u043f\u0440\u043e\u0438\u0437\u0432\u043e\u0434\\\/vakumirka\\\/\",\"url\":\"https:\\\/\\\/mesarskemasine.com\\\/\u043f\u0440\u043e\u0438\u0437\u0432\u043e\u0434\\\/vakumirka\\\/\",\"name\":\"Vakumirka - Anacom - mesarske ma\u0161ine\",\"isPartOf\":{\"@id\":\"https:\\\/\\\/mesarskemasine.com\\\/#website\"},\"primaryImageOfPage\":{\"@id\":\"https:\\\/\\\/mesarskemasine.com\\\/\u043f\u0440\u043e\u0438\u0437\u0432\u043e\u0434\\\/vakumirka\\\/#primaryimage\"},\"image\":{\"@id\":\"https:\\\/\\\/mesarskemasine.com\\\/\u043f\u0440\u043e\u0438\u0437\u0432\u043e\u0434\\\/vakumirka\\\/#primaryimage\"},\"thumbnailUrl\":\"https:\\\/\\\/mesarskemasine.com\\\/wp-content\\\/uploads\\\/2022\\\/11\\\/C4030679-6895-47B5-9010-F511E524ADDE-scaled.jpeg\",\"datePublished\":\"2022-11-11T13:21:00+00:00\",\"breadcrumb\":{\"@id\":\"https:\\\/\\\/mesarskemasine.com\\\/\u043f\u0440\u043e\u0438\u0437\u0432\u043e\u0434\\\/vakumirka\\\/#breadcrumb\"},\"inLanguage\":\"en-US\",\"potentialAction\":[{\"@type\":\"ReadAction\",\"target\":[\"https:\\\/\\\/mesarskemasine.com\\\/\u043f\u0440\u043e\u0438\u0437\u0432\u043e\u0434\\\/vakumirka\\\/\"]}]},{\"@type\":\"ImageObject\",\"inLanguage\":\"en-US\",\"@id\":\"https:\\\/\\\/mesarskemasine.com\\\/\u043f\u0440\u043e\u0438\u0437\u0432\u043e\u0434\\\/vakumirka\\\/#primaryimage\",\"url\":\"https:\\\/\\\/mesarskemasine.com\\\/wp-content\\\/uploads\\\/2022\\\/11\\\/C4030679-6895-47B5-9010-F511E524ADDE-scaled.jpeg\",\"contentUrl\":\"https:\\\/\\\/mesarskemasine.com\\\/wp-content\\\/uploads\\\/2022\\\/11\\\/C4030679-6895-47B5-9010-F511E524ADDE-scaled.jpeg\",\"width\":1920,\"height\":2560},{\"@type\":\"BreadcrumbList\",\"@id\":\"https:\\\/\\\/mesarskemasine.com\\\/\u043f\u0440\u043e\u0438\u0437\u0432\u043e\u0434\\\/vakumirka\\\/#breadcrumb\",\"itemListElement\":[{\"@type\":\"ListItem\",\"position\":1,\"name\":\"Po\u010detna\",\"item\":\"https:\\\/\\\/mesarskemasine.com\\\/en\\\/\"},{\"@type\":\"ListItem\",\"position\":2,\"name\":\"PRODAJA MESARSKIH MA\u0160INA\",\"item\":\"https:\\\/\\\/mesarskemasine.com\\\/prodaja-mesarskih-masina\\\/\"},{\"@type\":\"ListItem\",\"position\":3,\"name\":\"Vakumirka\"}]},{\"@type\":\"WebSite\",\"@id\":\"https:\\\/\\\/mesarskemasine.com\\\/#website\",\"url\":\"https:\\\/\\\/mesarskemasine.com\\\/\",\"name\":\"Anacom Doo - prodaja mesarskih ma\u0161ina\",\"description\":\"Prodaja i servis polovnih mesarskih ma\u0161ina. Vi\u0161e od 20. godina iskustva.\",\"publisher\":{\"@id\":\"https:\\\/\\\/mesarskemasine.com\\\/#organization\"},\"alternateName\":\"Mesarske masine Anacom\",\"potentialAction\":[{\"@type\":\"SearchAction\",\"target\":{\"@type\":\"EntryPoint\",\"urlTemplate\":\"https:\\\/\\\/mesarskemasine.com\\\/?s={search_term_string}\"},\"query-input\":{\"@type\":\"PropertyValueSpecification\",\"valueRequired\":true,\"valueName\":\"search_term_string\"}}],\"inLanguage\":\"en-US\"},{\"@type\":\"Organization\",\"@id\":\"https:\\\/\\\/mesarskemasine.com\\\/#organization\",\"name\":\"Anacom Doo \u0160abac\",\"url\":\"https:\\\/\\\/mesarskemasine.com\\\/\",\"logo\":{\"@type\":\"ImageObject\",\"inLanguage\":\"en-US\",\"@id\":\"https:\\\/\\\/mesarskemasine.com\\\/#\\\/schema\\\/logo\\\/image\\\/\",\"url\":\"https:\\\/\\\/mesarskemasine.com\\\/wp-content\\\/uploads\\\/2022\\\/10\\\/mesarske-masine-anacom-logo.png\",\"contentUrl\":\"https:\\\/\\\/mesarskemasine.com\\\/wp-content\\\/uploads\\\/2022\\\/10\\\/mesarske-masine-anacom-logo.png\",\"width\":2619,\"height\":1160,\"caption\":\"Anacom Doo \u0160abac\"},\"image\":{\"@id\":\"https:\\\/\\\/mesarskemasine.com\\\/#\\\/schema\\\/logo\\\/image\\\/\"},\"sameAs\":[\"https:\\\/\\\/www.facebook.com\\\/anacom.anacomsabac\"]}]}<\/script>\n<!-- \/ Yoast SEO plugin. -->","yoast_head_json":{"title":"Vakumirka - Anacom - mesarske ma\u0161ine","robots":{"index":"index","follow":"follow","max-snippet":"max-snippet:-1","max-image-preview":"max-image-preview:large","max-video-preview":"max-video-preview:-1"},"canonical":"https:\/\/mesarskemasine.com\/\u043f\u0440\u043e\u0438\u0437\u0432\u043e\u0434\/vakumirka\/","og_locale":"en_US","og_type":"article","og_title":"Vakumirka - Anacom - mesarske ma\u0161ine","og_description":"Vakumirka dvokomorna u odli\u010dnom stanju servisirana","og_url":"https:\/\/mesarskemasine.com\/\u043f\u0440\u043e\u0438\u0437\u0432\u043e\u0434\/vakumirka\/","og_site_name":"Anacom - mesarske ma\u0161ine","article_publisher":"https:\/\/www.facebook.com\/anacom.anacomsabac","og_image":[{"width":1920,"height":2560,"url":"https:\/\/mesarskemasine.com\/wp-content\/uploads\/2022\/11\/C4030679-6895-47B5-9010-F511E524ADDE-scaled.jpeg","type":"image\/jpeg"}],"twitter_card":"summary_large_image","schema":{"@context":"https:\/\/schema.org","@graph":[{"@type":"WebPage","@id":"https:\/\/mesarskemasine.com\/\u043f\u0440\u043e\u0438\u0437\u0432\u043e\u0434\/vakumirka\/","url":"https:\/\/mesarskemasine.com\/\u043f\u0440\u043e\u0438\u0437\u0432\u043e\u0434\/vakumirka\/","name":"Vakumirka - Anacom - mesarske ma\u0161ine","isPartOf":{"@id":"https:\/\/mesarskemasine.com\/#website"},"primaryImageOfPage":{"@id":"https:\/\/mesarskemasine.com\/\u043f\u0440\u043e\u0438\u0437\u0432\u043e\u0434\/vakumirka\/#primaryimage"},"image":{"@id":"https:\/\/mesarskemasine.com\/\u043f\u0440\u043e\u0438\u0437\u0432\u043e\u0434\/vakumirka\/#primaryimage"},"thumbnailUrl":"https:\/\/mesarskemasine.com\/wp-content\/uploads\/2022\/11\/C4030679-6895-47B5-9010-F511E524ADDE-scaled.jpeg","datePublished":"2022-11-11T13:21:00+00:00","breadcrumb":{"@id":"https:\/\/mesarskemasine.com\/\u043f\u0440\u043e\u0438\u0437\u0432\u043e\u0434\/vakumirka\/#breadcrumb"},"inLanguage":"en-US","potentialAction":[{"@type":"ReadAction","target":["https:\/\/mesarskemasine.com\/\u043f\u0440\u043e\u0438\u0437\u0432\u043e\u0434\/vakumirka\/"]}]},{"@type":"ImageObject","inLanguage":"en-US","@id":"https:\/\/mesarskemasine.com\/\u043f\u0440\u043e\u0438\u0437\u0432\u043e\u0434\/vakumirka\/#primaryimage","url":"https:\/\/mesarskemasine.com\/wp-content\/uploads\/2022\/11\/C4030679-6895-47B5-9010-F511E524ADDE-scaled.jpeg","contentUrl":"https:\/\/mesarskemasine.com\/wp-content\/uploads\/2022\/11\/C4030679-6895-47B5-9010-F511E524ADDE-scaled.jpeg","width":1920,"height":2560},{"@type":"BreadcrumbList","@id":"https:\/\/mesarskemasine.com\/\u043f\u0440\u043e\u0438\u0437\u0432\u043e\u0434\/vakumirka\/#breadcrumb","itemListElement":[{"@type":"ListItem","position":1,"name":"Po\u010detna","item":"https:\/\/mesarskemasine.com\/en\/"},{"@type":"ListItem","position":2,"name":"PRODAJA MESARSKIH MA\u0160INA","item":"https:\/\/mesarskemasine.com\/prodaja-mesarskih-masina\/"},{"@type":"ListItem","position":3,"name":"Vakumirka"}]},{"@type":"WebSite","@id":"https:\/\/mesarskemasine.com\/#website","url":"https:\/\/mesarskemasine.com\/","name":"Anacom Doo - prodaja mesarskih ma\u0161ina","description":"Prodaja i servis polovnih mesarskih ma\u0161ina. Vi\u0161e od 20. godina iskustva.","publisher":{"@id":"https:\/\/mesarskemasine.com\/#organization"},"alternateName":"Mesarske masine Anacom","potentialAction":[{"@type":"SearchAction","target":{"@type":"EntryPoint","urlTemplate":"https:\/\/mesarskemasine.com\/?s={search_term_string}"},"query-input":{"@type":"PropertyValueSpecification","valueRequired":true,"valueName":"search_term_string"}}],"inLanguage":"en-US"},{"@type":"Organization","@id":"https:\/\/mesarskemasine.com\/#organization","name":"Anacom Doo \u0160abac","url":"https:\/\/mesarskemasine.com\/","logo":{"@type":"ImageObject","inLanguage":"en-US","@id":"https:\/\/mesarskemasine.com\/#\/schema\/logo\/image\/","url":"https:\/\/mesarskemasine.com\/wp-content\/uploads\/2022\/10\/mesarske-masine-anacom-logo.png","contentUrl":"https:\/\/mesarskemasine.com\/wp-content\/uploads\/2022\/10\/mesarske-masine-anacom-logo.png","width":2619,"height":1160,"caption":"Anacom Doo \u0160abac"},"image":{"@id":"https:\/\/mesarskemasine.com\/#\/schema\/logo\/image\/"},"sameAs":["https:\/\/www.facebook.com\/anacom.anacomsabac"]}]}},"_links":{"self":[{"href":"https:\/\/mesarskemasine.com\/en\/wp-json\/wp\/v2\/product\/4684","targetHints":{"allow":["GET"]}}],"collection":[{"href":"https:\/\/mesarskemasine.com\/en\/wp-json\/wp\/v2\/product"}],"about":[{"href":"https:\/\/mesarskemasine.com\/en\/wp-json\/wp\/v2\/types\/product"}],"wp:featuredmedia":[{"embeddable":true,"href":"https:\/\/mesarskemasine.com\/en\/wp-json\/wp\/v2\/media\/4687"}],"wp:attachment":[{"href":"https:\/\/mesarskemasine.com\/en\/wp-json\/wp\/v2\/media?parent=4684"}],"wp:term":[{"taxonomy":"product_brand","embeddable":true,"href":"https:\/\/mesarskemasine.com\/en\/wp-json\/wp\/v2\/product_brand?post=4684"},{"taxonomy":"product_cat","embeddable":true,"href":"https:\/\/mesarskemasine.com\/en\/wp-json\/wp\/v2\/product_cat?post=4684"},{"taxonomy":"product_tag","embeddable":true,"href":"https:\/\/mesarskemasine.com\/en\/wp-json\/wp\/v2\/product_tag?post=4684"}],"curies":[{"name":"wp","href":"https:\/\/api.w.org\/{rel}","templated":true}]}}